{"id":39,"date":"2025-06-06T05:27:29","date_gmt":"2025-06-06T05:27:29","guid":{"rendered":"https:\/\/www.alchimiewellbeing.com\/?page_id=39"},"modified":"2026-04-29T13:57:10","modified_gmt":"2026-04-29T19:57:10","slug":"our-story","status":"publish","type":"page","link":"https:\/\/www.alchimiewellbeing.com\/es\/our-story\/","title":{"rendered":"Our story"},"content":{"rendered":"<section class=\"l-section wpb_row height_large with_img\" id=\"about\"><div class=\"l-section-img\" role=\"img\" data-img-width=\"1920\" data-img-height=\"1100\" style=\"background-image: url(https:\/\/www.alchimiewellbeing.com\/wp-content\/uploads\/2025\/06\/flowers-bg.png);background-position: center left;background-repeat: no-repeat;background-size: contain;\"><\/div><div class=\"l-section-h i-cf\"><div class=\"g-cols vc_row via_flex valign_top type_default stacking_default\"><div class=\"vc_col-sm-12 wpb_column vc_column_container\"><div class=\"vc_column-inner\"><div class=\"wpb_wrapper\"><div class=\"g-cols wpb_row via_flex valign_top type_default stacking_default\"><div class=\"vc_col-sm-6 wpb_column vc_column_container\"><div class=\"vc_column-inner us_custom_8e784a87 us_animate_this\"><div class=\"wpb_wrapper\"><div class=\"w-separator size_large\"><\/div><h3 class=\"w-text us_custom_2df0e464\"><span class=\"w-text-h\"><span class=\"w-text-value\">Sobre Alchimie<\/span><\/span><\/h3><div class=\"w-text us_custom_a0e702bc has_text_color\"><span class=\"w-text-h\"><span class=\"w-text-value\">Acerca<\/span><\/span><\/div><div class=\"wpb_text_column us_custom_1f257949\"><div class=\"wpb_wrapper\"><p>\u00a1Hola! Soy <strong>Pamela Ripi<\/strong>, fundadora de By Alchimie\u2122. Nac\u00ed en Argentina y actualmente resido en Edmonton, Alberta. Mi camino comenz\u00f3 en la medicina occidental, donde me form\u00e9 y trabaj\u00e9 como M\u00e9dica, Neonat\u00f3loga.<\/p>\n<p>Con el tiempo, mi enfoque evolucion\u00f3 hacia uno m\u00e1s hol\u00edstico, que integra la conexi\u00f3n entre mente, cuerpo y esp\u00edritu. Esto me llev\u00f3 a profundizar mis estudios en Coaching de Bienestar, Meditaci\u00f3n de Sonido Primordial (certificada por Chopra), Terapia de Sonido, Terapia Reflexol\u00f3gica Reflexol\u00f3gica (RMT), Reflexolog\u00eda y Acupresi\u00f3n Meridiana.<\/p>\n<p>Reconociendo la necesidad de un cuidado de la piel verdaderamente limpio y efectivo, comenc\u00e9 a desarrollar f\u00f3rmulas con ingredientes naturales de origen vegetal, dise\u00f1adas para promover el bienestar general. De esta filosof\u00eda naci\u00f3 By Alchimie\u2122.<\/p>\n<p>Cada producto se crea con intenci\u00f3n, combinando conocimiento cient\u00edfico, principios hol\u00edsticos y el poder curativo de la naturaleza. Incluso los nombres de nuestros productos est\u00e1n inspirados en el n\u00f3rdico antiguo, un homenaje a la sabidur\u00eda ancestral, la energ\u00eda elemental y nuestra profunda conexi\u00f3n con el mundo natural.<\/p>\n<\/div><\/div><div class=\"w-separator size_small\"><\/div><div class=\"w-hwrapper valign_top stack_on_mobiles align_none\" style=\"--hwrapper-gap:1rem\"><div class=\"w-btn-wrapper align_left\"><a class=\"w-btn us-btn-style_1\" href=\"\/es\/services\/\"><span class=\"w-btn-label\">Reservar una sesi\u00f3n<\/span><\/a><\/div><div class=\"w-popup w-btn-wrapper align_none\"><button type=\"button\" aria-label=\"Nuestra misi\u00f3n\" class=\"w-popup-trigger type_btn w-btn us-btn-style_1\"><span class=\"w-btn-label\">Nuestra misi\u00f3n<\/span><\/button><div class=\"w-popup-overlay\" style=\"background:rgba(0,0,0,0.85);\"><\/div><div class=\"w-popup-wrap layout_default\" style=\"--title-color:var(--color-content-heading);--title-bg-color:var(--color-content-bg-alt);--content-color:var(--color-content-text);--content-bg-color:var(--color-content-bg);--popup-width:600px;--popup-padding:5%;\"><div class=\"w-popup-box animation_fadeIn closerpos_outside with_title\"><div class=\"w-popup-box-h\"><div class=\"w-popup-box-title\">Nuestra misi\u00f3n<\/div><div class=\"w-popup-box-content\"><p>Nuestra misi\u00f3n es educar y empoderar a la comunidad sobre la importancia de usar productos naturales de origen vegetal para el autocuidado. Creemos que peque\u00f1as decisiones conscientes pueden generar cambios profundos en la salud y en el mundo que nos rodea.<\/p>\n<\/div><\/div><\/div><div class=\"w-popup-closer\"><\/div><\/div><\/div><\/div><div class=\"w-separator size_small\"><\/div><\/div><\/div><\/div><div class=\"vc_col-sm-6 wpb_column vc_column_container\"><div class=\"vc_column-inner us_custom_135e11d2 us_animate_this type_sticky\"><div class=\"wpb_wrapper\"><div class=\"w-image align_center\"><div class=\"w-image-h\"><img decoding=\"async\" width=\"1024\" height=\"1048\" src=\"https:\/\/www.alchimiewellbeing.com\/wp-content\/uploads\/2025\/06\/about-us.webp\" class=\"attachment-full size-full\" alt=\"\" loading=\"lazy\" srcset=\"https:\/\/www.alchimiewellbeing.com\/wp-content\/uploads\/2025\/06\/about-us.webp 1024w, https:\/\/www.alchimiewellbeing.com\/wp-content\/uploads\/2025\/06\/about-us-293x300.webp 293w, https:\/\/www.alchimiewellbeing.com\/wp-content\/uploads\/2025\/06\/about-us-1001x1024.webp 1001w, https:\/\/www.alchimiewellbeing.com\/wp-content\/uploads\/2025\/06\/about-us-600x614.webp 600w\" sizes=\"auto, (max-width: 1024px) 100vw, 1024px\" \/><\/div><\/div><\/div><\/div><\/div><\/div><\/div><\/div><\/div><\/div><\/div><\/section>","protected":false},"excerpt":{"rendered":"About AlchimieAboutHi! I\u2019m Pamela Ripi, founder of By Alchimie\u2122. Originally from Argentina and now based in Edmonton, Alberta, my journey began in Western medicine, where I trained and worked as a Physician, Neonatologist. Over time, my focus evolved toward a more holistic approach, one that integrates the connection between mind, body, and spirit. This led...","protected":false},"author":1,"featured_media":15,"parent":0,"menu_order":0,"comment_status":"closed","ping_status":"closed","template":"","meta":{"_acf_changed":false,"footnotes":""},"class_list":["post-39","page","type-page","status-publish","has-post-thumbnail","hentry"],"acf":[],"yoast_head":"<!-- This site is optimized with the Yoast SEO plugin v25.4 - https:\/\/yoast.com\/wordpress\/plugins\/seo\/ -->\n<title>Alchimie Well-being | Our story<\/title>\n<meta name=\"robots\" content=\"index, follow, max-snippet:-1, max-image-preview:large, max-video-preview:-1\" \/>\n<link rel=\"canonical\" href=\"https:\/\/www.alchimiewellbeing.com\/es\/our-story\/\" \/>\n<meta property=\"og:locale\" content=\"es_ES\" \/>\n<meta property=\"og:type\" content=\"article\" \/>\n<meta property=\"og:title\" content=\"Alchimie Well-being | Our story\" \/>\n<meta property=\"og:url\" content=\"https:\/\/www.alchimiewellbeing.com\/es\/our-story\/\" \/>\n<meta property=\"og:site_name\" content=\"Alchimie Well-being\" \/>\n<meta property=\"article:modified_time\" content=\"2026-04-29T19:57:10+00:00\" \/>\n<meta property=\"og:image\" content=\"https:\/\/www.alchimiewellbeing.com\/wp-content\/uploads\/2025\/06\/AlchimieWellbeing.jpg\" \/>\n\t<meta property=\"og:image:width\" content=\"1200\" \/>\n\t<meta property=\"og:image:height\" content=\"1200\" \/>\n\t<meta property=\"og:image:type\" content=\"image\/jpeg\" \/>\n<meta name=\"twitter:card\" content=\"summary_large_image\" \/>\n<meta name=\"twitter:label1\" content=\"Tiempo de lectura\" \/>\n\t<meta name=\"twitter:data1\" content=\"2 minutos\" \/>\n<script type=\"application\/ld+json\" class=\"yoast-schema-graph\">{\"@context\":\"https:\/\/schema.org\",\"@graph\":[{\"@type\":\"WebPage\",\"@id\":\"https:\/\/www.alchimiewellbeing.com\/our-story\/\",\"url\":\"https:\/\/www.alchimiewellbeing.com\/our-story\/\",\"name\":\"Alchimie Well-being | Our story\",\"isPartOf\":{\"@id\":\"https:\/\/www.alchimiewellbeing.com\/#website\"},\"primaryImageOfPage\":{\"@id\":\"https:\/\/www.alchimiewellbeing.com\/our-story\/#primaryimage\"},\"image\":{\"@id\":\"https:\/\/www.alchimiewellbeing.com\/our-story\/#primaryimage\"},\"thumbnailUrl\":\"https:\/\/www.alchimiewellbeing.com\/wp-content\/uploads\/2025\/06\/AlchimieWellbeing.jpg\",\"datePublished\":\"2025-06-06T05:27:29+00:00\",\"dateModified\":\"2026-04-29T19:57:10+00:00\",\"breadcrumb\":{\"@id\":\"https:\/\/www.alchimiewellbeing.com\/our-story\/#breadcrumb\"},\"inLanguage\":\"es\",\"potentialAction\":[{\"@type\":\"ReadAction\",\"target\":[\"https:\/\/www.alchimiewellbeing.com\/our-story\/\"]}]},{\"@type\":\"ImageObject\",\"inLanguage\":\"es\",\"@id\":\"https:\/\/www.alchimiewellbeing.com\/our-story\/#primaryimage\",\"url\":\"https:\/\/www.alchimiewellbeing.com\/wp-content\/uploads\/2025\/06\/AlchimieWellbeing.jpg\",\"contentUrl\":\"https:\/\/www.alchimiewellbeing.com\/wp-content\/uploads\/2025\/06\/AlchimieWellbeing.jpg\",\"width\":1200,\"height\":1200},{\"@type\":\"BreadcrumbList\",\"@id\":\"https:\/\/www.alchimiewellbeing.com\/our-story\/#breadcrumb\",\"itemListElement\":[{\"@type\":\"ListItem\",\"position\":1,\"name\":\"Home\",\"item\":\"https:\/\/www.alchimiewellbeing.com\/\"},{\"@type\":\"ListItem\",\"position\":2,\"name\":\"Our story\"}]},{\"@type\":\"WebSite\",\"@id\":\"https:\/\/www.alchimiewellbeing.com\/#website\",\"url\":\"https:\/\/www.alchimiewellbeing.com\/\",\"name\":\"Alchimie Wellbeing\",\"description\":\"Massage, Reflexology, Holistic\",\"publisher\":{\"@id\":\"https:\/\/www.alchimiewellbeing.com\/#organization\"},\"potentialAction\":[{\"@type\":\"SearchAction\",\"target\":{\"@type\":\"EntryPoint\",\"urlTemplate\":\"https:\/\/www.alchimiewellbeing.com\/?s={search_term_string}\"},\"query-input\":{\"@type\":\"PropertyValueSpecification\",\"valueRequired\":true,\"valueName\":\"search_term_string\"}}],\"inLanguage\":\"es\"},{\"@type\":\"Organization\",\"@id\":\"https:\/\/www.alchimiewellbeing.com\/#organization\",\"name\":\"Alchimie Wellbeing\",\"url\":\"https:\/\/www.alchimiewellbeing.com\/\",\"logo\":{\"@type\":\"ImageObject\",\"inLanguage\":\"es\",\"@id\":\"https:\/\/www.alchimiewellbeing.com\/#\/schema\/logo\/image\/\",\"url\":\"https:\/\/www.alchimiewellbeing.com\/wp-content\/uploads\/2025\/06\/AlchimieWellbeing.jpg\",\"contentUrl\":\"https:\/\/www.alchimiewellbeing.com\/wp-content\/uploads\/2025\/06\/AlchimieWellbeing.jpg\",\"width\":1200,\"height\":1200,\"caption\":\"Alchimie Wellbeing\"},\"image\":{\"@id\":\"https:\/\/www.alchimiewellbeing.com\/#\/schema\/logo\/image\/\"},\"sameAs\":[\"https:\/\/www.instagram.com\/byalchimie\/\",\"https:\/\/www.instagram.com\/integrativemedicine_\/\"]}]}<\/script>\n<!-- \/ Yoast SEO plugin. -->","yoast_head_json":{"title":"Alchimie Well-being | Our story","robots":{"index":"index","follow":"follow","max-snippet":"max-snippet:-1","max-image-preview":"max-image-preview:large","max-video-preview":"max-video-preview:-1"},"canonical":"https:\/\/www.alchimiewellbeing.com\/es\/our-story\/","og_locale":"es_ES","og_type":"article","og_title":"Alchimie Well-being | Our story","og_url":"https:\/\/www.alchimiewellbeing.com\/es\/our-story\/","og_site_name":"Alchimie Well-being","article_modified_time":"2026-04-29T19:57:10+00:00","og_image":[{"width":1200,"height":1200,"url":"https:\/\/www.alchimiewellbeing.com\/wp-content\/uploads\/2025\/06\/AlchimieWellbeing.jpg","type":"image\/jpeg"}],"twitter_card":"summary_large_image","twitter_misc":{"Tiempo de lectura":"2 minutos"},"schema":{"@context":"https:\/\/schema.org","@graph":[{"@type":"WebPage","@id":"https:\/\/www.alchimiewellbeing.com\/our-story\/","url":"https:\/\/www.alchimiewellbeing.com\/our-story\/","name":"Alchimie Well-being | Our story","isPartOf":{"@id":"https:\/\/www.alchimiewellbeing.com\/#website"},"primaryImageOfPage":{"@id":"https:\/\/www.alchimiewellbeing.com\/our-story\/#primaryimage"},"image":{"@id":"https:\/\/www.alchimiewellbeing.com\/our-story\/#primaryimage"},"thumbnailUrl":"https:\/\/www.alchimiewellbeing.com\/wp-content\/uploads\/2025\/06\/AlchimieWellbeing.jpg","datePublished":"2025-06-06T05:27:29+00:00","dateModified":"2026-04-29T19:57:10+00:00","breadcrumb":{"@id":"https:\/\/www.alchimiewellbeing.com\/our-story\/#breadcrumb"},"inLanguage":"es","potentialAction":[{"@type":"ReadAction","target":["https:\/\/www.alchimiewellbeing.com\/our-story\/"]}]},{"@type":"ImageObject","inLanguage":"es","@id":"https:\/\/www.alchimiewellbeing.com\/our-story\/#primaryimage","url":"https:\/\/www.alchimiewellbeing.com\/wp-content\/uploads\/2025\/06\/AlchimieWellbeing.jpg","contentUrl":"https:\/\/www.alchimiewellbeing.com\/wp-content\/uploads\/2025\/06\/AlchimieWellbeing.jpg","width":1200,"height":1200},{"@type":"BreadcrumbList","@id":"https:\/\/www.alchimiewellbeing.com\/our-story\/#breadcrumb","itemListElement":[{"@type":"ListItem","position":1,"name":"Home","item":"https:\/\/www.alchimiewellbeing.com\/"},{"@type":"ListItem","position":2,"name":"Our story"}]},{"@type":"WebSite","@id":"https:\/\/www.alchimiewellbeing.com\/#website","url":"https:\/\/www.alchimiewellbeing.com\/","name":"Alchimie Wellbeing","description":"Massage, Reflexology, Holistic","publisher":{"@id":"https:\/\/www.alchimiewellbeing.com\/#organization"},"potentialAction":[{"@type":"SearchAction","target":{"@type":"EntryPoint","urlTemplate":"https:\/\/www.alchimiewellbeing.com\/?s={search_term_string}"},"query-input":{"@type":"PropertyValueSpecification","valueRequired":true,"valueName":"search_term_string"}}],"inLanguage":"es"},{"@type":"Organization","@id":"https:\/\/www.alchimiewellbeing.com\/#organization","name":"Alchimie Wellbeing","url":"https:\/\/www.alchimiewellbeing.com\/","logo":{"@type":"ImageObject","inLanguage":"es","@id":"https:\/\/www.alchimiewellbeing.com\/#\/schema\/logo\/image\/","url":"https:\/\/www.alchimiewellbeing.com\/wp-content\/uploads\/2025\/06\/AlchimieWellbeing.jpg","contentUrl":"https:\/\/www.alchimiewellbeing.com\/wp-content\/uploads\/2025\/06\/AlchimieWellbeing.jpg","width":1200,"height":1200,"caption":"Alchimie Wellbeing"},"image":{"@id":"https:\/\/www.alchimiewellbeing.com\/#\/schema\/logo\/image\/"},"sameAs":["https:\/\/www.instagram.com\/byalchimie\/","https:\/\/www.instagram.com\/integrativemedicine_\/"]}]}},"_links":{"self":[{"href":"https:\/\/www.alchimiewellbeing.com\/es\/wp-json\/wp\/v2\/pages\/39","targetHints":{"allow":["GET"]}}],"collection":[{"href":"https:\/\/www.alchimiewellbeing.com\/es\/wp-json\/wp\/v2\/pages"}],"about":[{"href":"https:\/\/www.alchimiewellbeing.com\/es\/wp-json\/wp\/v2\/types\/page"}],"author":[{"embeddable":true,"href":"https:\/\/www.alchimiewellbeing.com\/es\/wp-json\/wp\/v2\/users\/1"}],"replies":[{"embeddable":true,"href":"https:\/\/www.alchimiewellbeing.com\/es\/wp-json\/wp\/v2\/comments?post=39"}],"version-history":[{"count":3,"href":"https:\/\/www.alchimiewellbeing.com\/es\/wp-json\/wp\/v2\/pages\/39\/revisions"}],"predecessor-version":[{"id":790,"href":"https:\/\/www.alchimiewellbeing.com\/es\/wp-json\/wp\/v2\/pages\/39\/revisions\/790"}],"wp:featuredmedia":[{"embeddable":true,"href":"https:\/\/www.alchimiewellbeing.com\/es\/wp-json\/wp\/v2\/media\/15"}],"wp:attachment":[{"href":"https:\/\/www.alchimiewellbeing.com\/es\/wp-json\/wp\/v2\/media?parent=39"}],"curies":[{"name":"wp","href":"https:\/\/api.w.org\/{rel}","templated":true}]}}