{"id":137,"date":"2025-06-10T16:32:09","date_gmt":"2025-06-10T22:32:09","guid":{"rendered":"https:\/\/www.alchimiewellbeing.com\/?post_type=product&#038;p=137"},"modified":"2026-04-28T21:58:39","modified_gmt":"2026-04-29T03:58:39","slug":"relief-topical-diffuser-oils","status":"publish","type":"product","link":"https:\/\/www.alchimiewellbeing.com\/es\/shop\/relief-topical-diffuser-oils\/","title":{"rendered":"Aceites Bot\u00e1nicos"},"content":{"rendered":"<p>Mezclas funcionales a base de plantas<\/p>\n<p><strong>Acerca de los Aceites<\/strong><\/p>\n<p>Nuestros aceites bot\u00e1nicos son mezclas concentradas de origen vegetal dise\u00f1adas para favorecer el bienestar pr\u00e1ctico y cotidiano.<\/p>\n<p>Cada f\u00f3rmula combina aceites esenciales y aceites portadores cuidadosamente seleccionados en diluciones equilibradas y seguras para la piel. Dise\u00f1adas para uso t\u00f3pico y en difusor, estas mezclas ofrecen un cuidado bot\u00e1nico puro, sin fragancias sint\u00e9ticas ni ingredientes derivados del petr\u00f3leo.<\/p>\n<p>Composici\u00f3n m\u00ednima. Formulaci\u00f3n intencionada.<\/p>\n<p>Una peque\u00f1a cantidad es suficiente.<\/p>\n<p><strong>Beneficios clave<\/strong><\/p>\n<p>\u2022 Mezclas bot\u00e1nicas concentradas<br \/>\n\u2022 Diluci\u00f3n segura para la piel para uso t\u00f3pico<br \/>\n\u2022 Apto para uso en difusor<br \/>\n\u2022 A base de plantas y libre de crueldad animal.<br \/>\n\u2022 Sin fragancia sint\u00e9tica<br \/>\n\u2022 Elaborado en peque\u00f1as cantidades<\/p>\n<p><strong>Ingredientes<\/strong><\/p>\n<p>Base:<br \/>\nAceite de girasol org\u00e1nico prensado en fr\u00edo<\/p>\n<p>Mezcla de aceites esenciales:<br \/>\nVar\u00eda seg\u00fan la mezcla seleccionada (ver la descripci\u00f3n de cada mezcla a continuaci\u00f3n).<\/p>\n<p>Mezclas disponibles<\/p>\n<p><strong>H\u00d6FU\u00d0 L\u00c9TTI \u2013 Head Light<\/strong><\/p>\n<p>Mezcla refrescante dise\u00f1ada para aliviar la tensi\u00f3n en la cabeza y favorecer la claridad mental.<br \/>\nAplicar en las sienes o difundir seg\u00fan sea necesario.<\/p>\n<p>Aceites esenciales:<br \/>\nAceite de Mentha Piperita (menta piperita)<\/p>\n<p><strong>SOVA OL\u00cdA \u2013 Sleep Oil<\/strong><\/p>\n<p>Mezcla relajante elaborada para favorecer el descanso y la relajaci\u00f3n nocturna.<br \/>\nAplicar en las plantas de los pies o difundir antes de dormir.<\/p>\n<p>Aceites esenciales:<br \/>\nAceite de Lavandula Angustifolia (Lavanda)<br \/>\nAceite de Anthemis Nobilis (manzanilla)<br \/>\nAceite de Origanum Majorana (Mejorana)<\/p>\n<p><strong>ANDVARI L\u00c9TTI OL\u00cdA\u2013 Calm Blend<\/strong><\/p>\n<p>Mezcla reconfortante dise\u00f1ada para favorecer el equilibrio emocional en momentos de estr\u00e9s.<br \/>\nAplicar en mu\u00f1ecas, pecho o difuso.<\/p>\n<p>Aceites esenciales:<\/p>\n<p>Aceite de Cymbopogon Martinii (Palmarosa)<br \/>\nAceite de corteza de Cinnamomum Zeylanicum (canela)<br \/>\nAceite de Anthemis Nobilis (manzanilla)<br \/>\nAceite de Lavandula Angustifolia (Lavanda)<br \/>\nAceite de Pogostemon Cablin (pachul\u00ed)<\/p>\n<p><strong>SNERKJA OL\u00cdA \u2013 Night Breath Blend ( snore)<\/strong><\/p>\n<p>Mezcla bot\u00e1nica elaborada para favorecer una respiraci\u00f3n nocturna c\u00f3moda.<br \/>\nAplicar en el pecho o difundir antes de descansar.<\/p>\n<p>Aceites esenciales:<\/p>\n<p>Aceite de brotes de Syzygium Aromaticum (clavo)<br \/>\nAceite de Mentha Piperita (menta piperita)<br \/>\nAceite de hoja de Eucalyptus globulus (eucalipto)<br \/>\nAceite de c\u00e1scara de Citrus Limon (lim\u00f3n)<br \/>\nAceite de Lavandula Angustifolia (Lavanda)<br \/>\nThymus Vulgaris (Tomillo)<\/p>\n<p><strong>ELJAN OLEA\u2013 Energy Blend<\/strong><\/p>\n<p>Mezcla revitalizante dise\u00f1ada para favorecer la concentraci\u00f3n y la claridad mental.<br \/>\nAplicar en las mu\u00f1ecas o difundir antes de ir al trabajo o estudiar.<\/p>\n<p>Aceites esenciales:<\/p>\n<p>Aceite de Mentha Piperita (menta piperita)<br \/>\nAceite de hojas de Rosmarinus Officinalis (romero)<br \/>\nAceite de c\u00e1scara de Citrus Sinensis (naranja dulce)<\/p>\n<p><strong>MINNI KRAFT OL\u00cdA \u2013 Focus &amp; Memory Blend<\/strong><\/p>\n<p>Mezcla bot\u00e1nica clarificante dise\u00f1ada para favorecer la concentraci\u00f3n, el enfoque mental y la activaci\u00f3n cognitiva.<br \/>\nAplicar en las mu\u00f1ecas, las sienes o difundir durante el estudio, el trabajo o las tareas creativas.<\/p>\n<p>Aceites esenciales:<\/p>\n<p>Aceite de Ocimum Basilicum (albahaca)<br \/>\nAceite de Mentha Piperita (menta piperita)<br \/>\nAceite de c\u00e1scara de Citrus Sinensis (naranja dulce)<br \/>\nAceite de hojas de Rosmarinus Officinalis (romero)<\/p>\n<p><strong>B\u00d3TA OL\u00cdA \u2013 Body Ease Blend<\/strong><\/p>\n<p>Mezcla bot\u00e1nica con propiedades calor\u00edficas y refrescantes, dise\u00f1ada para favorecer el bienestar muscular y aliviar la tensi\u00f3n f\u00edsica en ciertas zonas.<br \/>\nAplicar en hombros, cuello, articulaciones o la zona deseada seg\u00fan sea necesario.<\/p>\n<p>Aceites esenciales:<\/p>\n<p>Curcuma Longa (Turmeric) Root Oil<br \/>\nAceite de Mentha Piperita (menta piperita)<br \/>\nAceite de hoja de eucalipto globulus<br \/>\nAceite de Cymbopogon Flexuosus (hierba lim\u00f3n)<br \/>\nAceite de Origanum Majorana (Mejorana)<br \/>\nExtracto de flor de \u00e1rnica montana<\/p>\n<p><strong>Indicaciones:<\/strong><\/p>\n<p>T\u00f3pico:<br \/>\nAplique una gota en las mu\u00f1ecas, las sienes, el pecho o las plantas de los pies y masajee suavemente.<\/p>\n<p>Difusor:<br \/>\nA\u00f1ade de 2 a 4 gotas al agua de tu difusor.<\/p>\n<p>Una peque\u00f1a cantidad rinde mucho.<\/p>\n<p><strong>Empaque:<\/strong> Frasco de vidrio \u00e1mbar con gotero. Envase reutilizable y reciclable dise\u00f1ado para fomentar un estilo de vida con bajo impacto ambiental.<\/p>","protected":false},"excerpt":{"rendered":"<p>Plant-Based Functional Blends About the Oils Our Botanical Oils are concentrated plant-based blends designed to support practical, everyday wellbeing. Each formula combines carefully selected essential oils and carrier oils in balanced, skin-safe dilutions. Designed for topical and diffuser use, these blends offer clean botanical support without synthetic fragrance or petroleum-derived ingredients. Minimal composition. Intentional formulation&#8230;.<\/p>","protected":false},"featured_media":595,"template":"","meta":{"_acf_changed":false},"product_brand":[],"product_cat":[17,132],"product_tag":[],"class_list":{"0":"post-137","1":"product","2":"type-product","3":"status-publish","4":"has-post-thumbnail","6":"product_cat-shop","7":"product_cat-oils","9":"first","10":"instock","11":"taxable","12":"shipping-taxable","13":"purchasable","14":"product-type-variable"},"acf":[],"yoast_head":"<!-- This site is optimized with the Yoast SEO plugin v25.4 - https:\/\/yoast.com\/wordpress\/plugins\/seo\/ -->\n<title>Botanical Oils | Alchimie Well-being<\/title>\n<meta name=\"robots\" content=\"index, follow, max-snippet:-1, max-image-preview:large, max-video-preview:-1\" \/>\n<link rel=\"canonical\" href=\"https:\/\/www.alchimiewellbeing.com\/es\/shop\/relief-topical-diffuser-oils\/\" \/>\n<meta property=\"og:locale\" content=\"es_ES\" \/>\n<meta property=\"og:type\" content=\"article\" \/>\n<meta property=\"og:title\" content=\"Botanical Oils | Alchimie Well-being\" \/>\n<meta property=\"og:description\" content=\"Plant-Based Functional Blends About the Oils Our Botanical Oils are concentrated plant-based blends designed to support practical, everyday wellbeing. Each formula combines carefully selected essential oils and carrier oils in balanced, skin-safe dilutions. Designed for topical and diffuser use, these blends offer clean botanical support without synthetic fragrance or petroleum-derived ingredients. Minimal composition. Intentional formulation....\" \/>\n<meta property=\"og:url\" content=\"https:\/\/www.alchimiewellbeing.com\/es\/shop\/relief-topical-diffuser-oils\/\" \/>\n<meta property=\"og:site_name\" content=\"Alchimie Well-being\" \/>\n<meta property=\"article:modified_time\" content=\"2026-04-29T03:58:39+00:00\" \/>\n<meta property=\"og:image\" content=\"https:\/\/www.alchimiewellbeing.com\/wp-content\/uploads\/2025\/06\/Sleep.jpg\" \/>\n\t<meta property=\"og:image:width\" content=\"1200\" \/>\n\t<meta property=\"og:image:height\" content=\"1200\" \/>\n\t<meta property=\"og:image:type\" content=\"image\/jpeg\" \/>\n<meta name=\"twitter:card\" content=\"summary_large_image\" \/>\n<meta name=\"twitter:label1\" content=\"Tiempo de lectura\" \/>\n\t<meta name=\"twitter:data1\" content=\"3 minutos\" \/>\n<script type=\"application\/ld+json\" class=\"yoast-schema-graph\">{\"@context\":\"https:\/\/schema.org\",\"@graph\":[{\"@type\":\"WebPage\",\"@id\":\"https:\/\/www.alchimiewellbeing.com\/shop\/relief-topical-diffuser-oils\/\",\"url\":\"https:\/\/www.alchimiewellbeing.com\/shop\/relief-topical-diffuser-oils\/\",\"name\":\"Botanical Oils | Alchimie Well-being\",\"isPartOf\":{\"@id\":\"https:\/\/www.alchimiewellbeing.com\/#website\"},\"primaryImageOfPage\":{\"@id\":\"https:\/\/www.alchimiewellbeing.com\/shop\/relief-topical-diffuser-oils\/#primaryimage\"},\"image\":{\"@id\":\"https:\/\/www.alchimiewellbeing.com\/shop\/relief-topical-diffuser-oils\/#primaryimage\"},\"thumbnailUrl\":\"https:\/\/www.alchimiewellbeing.com\/wp-content\/uploads\/2025\/06\/Sleep.jpg\",\"datePublished\":\"2025-06-10T22:32:09+00:00\",\"dateModified\":\"2026-04-29T03:58:39+00:00\",\"breadcrumb\":{\"@id\":\"https:\/\/www.alchimiewellbeing.com\/shop\/relief-topical-diffuser-oils\/#breadcrumb\"},\"inLanguage\":\"es\",\"potentialAction\":[{\"@type\":\"ReadAction\",\"target\":[\"https:\/\/www.alchimiewellbeing.com\/shop\/relief-topical-diffuser-oils\/\"]}]},{\"@type\":\"ImageObject\",\"inLanguage\":\"es\",\"@id\":\"https:\/\/www.alchimiewellbeing.com\/shop\/relief-topical-diffuser-oils\/#primaryimage\",\"url\":\"https:\/\/www.alchimiewellbeing.com\/wp-content\/uploads\/2025\/06\/Sleep.jpg\",\"contentUrl\":\"https:\/\/www.alchimiewellbeing.com\/wp-content\/uploads\/2025\/06\/Sleep.jpg\",\"width\":1200,\"height\":1200},{\"@type\":\"BreadcrumbList\",\"@id\":\"https:\/\/www.alchimiewellbeing.com\/shop\/relief-topical-diffuser-oils\/#breadcrumb\",\"itemListElement\":[{\"@type\":\"ListItem\",\"position\":1,\"name\":\"Home\",\"item\":\"https:\/\/www.alchimiewellbeing.com\/\"},{\"@type\":\"ListItem\",\"position\":2,\"name\":\"All\",\"item\":\"https:\/\/www.alchimiewellbeing.com\/all\/\"},{\"@type\":\"ListItem\",\"position\":3,\"name\":\"Botanical Oils\"}]},{\"@type\":\"WebSite\",\"@id\":\"https:\/\/www.alchimiewellbeing.com\/#website\",\"url\":\"https:\/\/www.alchimiewellbeing.com\/\",\"name\":\"Alchimie Wellbeing\",\"description\":\"Massage, Reflexology, Holistic\",\"publisher\":{\"@id\":\"https:\/\/www.alchimiewellbeing.com\/#organization\"},\"potentialAction\":[{\"@type\":\"SearchAction\",\"target\":{\"@type\":\"EntryPoint\",\"urlTemplate\":\"https:\/\/www.alchimiewellbeing.com\/?s={search_term_string}\"},\"query-input\":{\"@type\":\"PropertyValueSpecification\",\"valueRequired\":true,\"valueName\":\"search_term_string\"}}],\"inLanguage\":\"es\"},{\"@type\":\"Organization\",\"@id\":\"https:\/\/www.alchimiewellbeing.com\/#organization\",\"name\":\"Alchimie Wellbeing\",\"url\":\"https:\/\/www.alchimiewellbeing.com\/\",\"logo\":{\"@type\":\"ImageObject\",\"inLanguage\":\"es\",\"@id\":\"https:\/\/www.alchimiewellbeing.com\/#\/schema\/logo\/image\/\",\"url\":\"https:\/\/www.alchimiewellbeing.com\/wp-content\/uploads\/2025\/06\/AlchimieWellbeing.jpg\",\"contentUrl\":\"https:\/\/www.alchimiewellbeing.com\/wp-content\/uploads\/2025\/06\/AlchimieWellbeing.jpg\",\"width\":1200,\"height\":1200,\"caption\":\"Alchimie Wellbeing\"},\"image\":{\"@id\":\"https:\/\/www.alchimiewellbeing.com\/#\/schema\/logo\/image\/\"},\"sameAs\":[\"https:\/\/www.instagram.com\/byalchimie\/\",\"https:\/\/www.instagram.com\/integrativemedicine_\/\"]}]}<\/script>\n<!-- \/ Yoast SEO plugin. -->","yoast_head_json":{"title":"Botanical Oils | Alchimie Well-being","robots":{"index":"index","follow":"follow","max-snippet":"max-snippet:-1","max-image-preview":"max-image-preview:large","max-video-preview":"max-video-preview:-1"},"canonical":"https:\/\/www.alchimiewellbeing.com\/es\/shop\/relief-topical-diffuser-oils\/","og_locale":"es_ES","og_type":"article","og_title":"Botanical Oils | Alchimie Well-being","og_description":"Plant-Based Functional Blends About the Oils Our Botanical Oils are concentrated plant-based blends designed to support practical, everyday wellbeing. Each formula combines carefully selected essential oils and carrier oils in balanced, skin-safe dilutions. Designed for topical and diffuser use, these blends offer clean botanical support without synthetic fragrance or petroleum-derived ingredients. Minimal composition. Intentional formulation....","og_url":"https:\/\/www.alchimiewellbeing.com\/es\/shop\/relief-topical-diffuser-oils\/","og_site_name":"Alchimie Well-being","article_modified_time":"2026-04-29T03:58:39+00:00","og_image":[{"width":1200,"height":1200,"url":"https:\/\/www.alchimiewellbeing.com\/wp-content\/uploads\/2025\/06\/Sleep.jpg","type":"image\/jpeg"}],"twitter_card":"summary_large_image","twitter_misc":{"Tiempo de lectura":"3 minutos"},"schema":{"@context":"https:\/\/schema.org","@graph":[{"@type":"WebPage","@id":"https:\/\/www.alchimiewellbeing.com\/shop\/relief-topical-diffuser-oils\/","url":"https:\/\/www.alchimiewellbeing.com\/shop\/relief-topical-diffuser-oils\/","name":"Botanical Oils | Alchimie Well-being","isPartOf":{"@id":"https:\/\/www.alchimiewellbeing.com\/#website"},"primaryImageOfPage":{"@id":"https:\/\/www.alchimiewellbeing.com\/shop\/relief-topical-diffuser-oils\/#primaryimage"},"image":{"@id":"https:\/\/www.alchimiewellbeing.com\/shop\/relief-topical-diffuser-oils\/#primaryimage"},"thumbnailUrl":"https:\/\/www.alchimiewellbeing.com\/wp-content\/uploads\/2025\/06\/Sleep.jpg","datePublished":"2025-06-10T22:32:09+00:00","dateModified":"2026-04-29T03:58:39+00:00","breadcrumb":{"@id":"https:\/\/www.alchimiewellbeing.com\/shop\/relief-topical-diffuser-oils\/#breadcrumb"},"inLanguage":"es","potentialAction":[{"@type":"ReadAction","target":["https:\/\/www.alchimiewellbeing.com\/shop\/relief-topical-diffuser-oils\/"]}]},{"@type":"ImageObject","inLanguage":"es","@id":"https:\/\/www.alchimiewellbeing.com\/shop\/relief-topical-diffuser-oils\/#primaryimage","url":"https:\/\/www.alchimiewellbeing.com\/wp-content\/uploads\/2025\/06\/Sleep.jpg","contentUrl":"https:\/\/www.alchimiewellbeing.com\/wp-content\/uploads\/2025\/06\/Sleep.jpg","width":1200,"height":1200},{"@type":"BreadcrumbList","@id":"https:\/\/www.alchimiewellbeing.com\/shop\/relief-topical-diffuser-oils\/#breadcrumb","itemListElement":[{"@type":"ListItem","position":1,"name":"Home","item":"https:\/\/www.alchimiewellbeing.com\/"},{"@type":"ListItem","position":2,"name":"All","item":"https:\/\/www.alchimiewellbeing.com\/all\/"},{"@type":"ListItem","position":3,"name":"Botanical Oils"}]},{"@type":"WebSite","@id":"https:\/\/www.alchimiewellbeing.com\/#website","url":"https:\/\/www.alchimiewellbeing.com\/","name":"Alchimie Wellbeing","description":"Massage, Reflexology, Holistic","publisher":{"@id":"https:\/\/www.alchimiewellbeing.com\/#organization"},"potentialAction":[{"@type":"SearchAction","target":{"@type":"EntryPoint","urlTemplate":"https:\/\/www.alchimiewellbeing.com\/?s={search_term_string}"},"query-input":{"@type":"PropertyValueSpecification","valueRequired":true,"valueName":"search_term_string"}}],"inLanguage":"es"},{"@type":"Organization","@id":"https:\/\/www.alchimiewellbeing.com\/#organization","name":"Alchimie Wellbeing","url":"https:\/\/www.alchimiewellbeing.com\/","logo":{"@type":"ImageObject","inLanguage":"es","@id":"https:\/\/www.alchimiewellbeing.com\/#\/schema\/logo\/image\/","url":"https:\/\/www.alchimiewellbeing.com\/wp-content\/uploads\/2025\/06\/AlchimieWellbeing.jpg","contentUrl":"https:\/\/www.alchimiewellbeing.com\/wp-content\/uploads\/2025\/06\/AlchimieWellbeing.jpg","width":1200,"height":1200,"caption":"Alchimie Wellbeing"},"image":{"@id":"https:\/\/www.alchimiewellbeing.com\/#\/schema\/logo\/image\/"},"sameAs":["https:\/\/www.instagram.com\/byalchimie\/","https:\/\/www.instagram.com\/integrativemedicine_\/"]}]}},"_links":{"self":[{"href":"https:\/\/www.alchimiewellbeing.com\/es\/wp-json\/wp\/v2\/product\/137","targetHints":{"allow":["GET"]}}],"collection":[{"href":"https:\/\/www.alchimiewellbeing.com\/es\/wp-json\/wp\/v2\/product"}],"about":[{"href":"https:\/\/www.alchimiewellbeing.com\/es\/wp-json\/wp\/v2\/types\/product"}],"wp:featuredmedia":[{"embeddable":true,"href":"https:\/\/www.alchimiewellbeing.com\/es\/wp-json\/wp\/v2\/media\/595"}],"wp:attachment":[{"href":"https:\/\/www.alchimiewellbeing.com\/es\/wp-json\/wp\/v2\/media?parent=137"}],"wp:term":[{"taxonomy":"product_brand","embeddable":true,"href":"https:\/\/www.alchimiewellbeing.com\/es\/wp-json\/wp\/v2\/product_brand?post=137"},{"taxonomy":"product_cat","embeddable":true,"href":"https:\/\/www.alchimiewellbeing.com\/es\/wp-json\/wp\/v2\/product_cat?post=137"},{"taxonomy":"product_tag","embeddable":true,"href":"https:\/\/www.alchimiewellbeing.com\/es\/wp-json\/wp\/v2\/product_tag?post=137"}],"curies":[{"name":"wp","href":"https:\/\/api.w.org\/{rel}","templated":true}]}}