{"id":311,"date":"2025-06-11T17:50:44","date_gmt":"2025-06-11T23:50:44","guid":{"rendered":"https:\/\/www.alchimiewellbeing.com\/?post_type=product&#038;p=311"},"modified":"2025-09-19T09:35:32","modified_gmt":"2025-09-19T15:35:32","slug":"primordial-sound-meditation-training-4-classes","status":"publish","type":"product","link":"https:\/\/www.alchimiewellbeing.com\/es\/shop\/primordial-sound-meditation-training-4-classes\/","title":{"rendered":"Entrenamiento en Meditaci\u00f3n de Sonido Primordial (4 Clases)"},"content":{"rendered":"<p>La Meditaci\u00f3n de Sonido Primordial est\u00e1 recomendada para todas las personas que deseen disfrutar de una paz m\u00e1s profunda, una mayor libertad y un dominio m\u00e1s pleno de la vida.<\/p>\n<p>La Meditaci\u00f3n de Sonido Primordial se aprende f\u00e1cilmente en cuatro sesiones breves, distribuidas a lo largo de unos pocos d\u00edas.<\/p>\n<ol>\n<li>En la Primera Sesi\u00f3n, tu instructora certificada por el Centro Chopra te introducir\u00e1 a los principios b\u00e1sicos de la meditaci\u00f3n, su historia y la importancia de tu mantra.<\/li>\n<li>En la Segunda Sesi\u00f3n, recibir\u00e1s instrucci\u00f3n personalizada sobre tu mantra de Sonido Primordial y aprender\u00e1s a utilizarlo. Meditar\u00e1s por primera vez utilizando tu mantra de Sonido Primordial.<\/li>\n<li>En la Tercera Sesi\u00f3n, aprender\u00e1s los aspectos pr\u00e1cticos de la meditaci\u00f3n, compartir\u00e1s tu experiencia, recibir\u00e1s respuestas a cualquier pregunta y meditar\u00e1s con tu instructora.<\/li>\n<li>En la Cuarta Sesi\u00f3n, asistir\u00e1s a una charla sobre los estados superiores de conciencia que pueden alcanzarse con la pr\u00e1ctica regular de la Meditaci\u00f3n con Sonido Primordial. Tu instructora compartir\u00e1 la visi\u00f3n de Deepak Chopra sobre estos estados superiores.<\/li>\n<\/ol>\n<p><strong>\u00bfC\u00f3mo comenzar?<\/strong><\/p>\n<p>Para dar el siguiente paso en el desarrollo de tu pr\u00e1ctica de Meditaci\u00f3n de Sonido Primordial, no dudes en contactar a tu instructora certificada por el Centro Chopra m\u00e1s cercana o simplemente reserva tu primera sesi\u00f3n.<\/p>\n<ul>\n<li><strong>Formato:<\/strong> Online<\/li>\n<li><strong>Costo:<\/strong> 200 USD | 250 USD si prefieres un curso privado solo t\u00fa y la instructora.<\/li>\n<li><strong>Instructora:<\/strong> Pamela Ripi Allivellatore<\/li>\n<\/ul>\n<p><span style=\"color: #000000\"><a style=\"color: #000000\" href=\"https:\/\/www.alchimiewellbeing.com\/es\/blog\/sound-meditation\/\">CLIC AQU\u00cd PARA SABER M\u00c1S<\/a><\/span><\/p>","protected":false},"excerpt":{"rendered":"<p>Primordial Sound Meditation is recommended for anyone who wishes to enjoy deeper peace, greater freedom, and mastery of life. Primordial Sound Meditation is easily learned in four short sessions over a period of a few days. In Session One, your Chopra Center-certified meditation instructor will introduce you to the basic principles of meditation, its history,&#8230;<\/p>","protected":false},"featured_media":326,"template":"","meta":{"_acf_changed":false},"product_brand":[],"product_cat":[57],"product_tag":[],"class_list":{"0":"post-311","1":"product","2":"type-product","3":"status-publish","4":"has-post-thumbnail","6":"product_cat-wellness","8":"first","9":"instock","10":"virtual","11":"sold-individually","12":"taxable","13":"purchasable","14":"product-type-booking"},"acf":[],"yoast_head":"<!-- This site is optimized with the Yoast SEO plugin v25.4 - https:\/\/yoast.com\/wordpress\/plugins\/seo\/ -->\n<title>Primordial Sound Meditation Training (4 Classes) | Alchimie Well-being<\/title>\n<meta name=\"robots\" content=\"index, follow, max-snippet:-1, max-image-preview:large, max-video-preview:-1\" \/>\n<link rel=\"canonical\" href=\"https:\/\/www.alchimiewellbeing.com\/es\/shop\/primordial-sound-meditation-training-4-classes\/\" \/>\n<meta property=\"og:locale\" content=\"es_ES\" \/>\n<meta property=\"og:type\" content=\"article\" \/>\n<meta property=\"og:title\" content=\"Primordial Sound Meditation Training (4 Classes) | Alchimie Well-being\" \/>\n<meta property=\"og:description\" content=\"Primordial Sound Meditation is recommended for anyone who wishes to enjoy deeper peace, greater freedom, and mastery of life. Primordial Sound Meditation is easily learned in four short sessions over a period of a few days. In Session One, your Chopra Center-certified meditation instructor will introduce you to the basic principles of meditation, its history,...\" \/>\n<meta property=\"og:url\" content=\"https:\/\/www.alchimiewellbeing.com\/es\/shop\/primordial-sound-meditation-training-4-classes\/\" \/>\n<meta property=\"og:site_name\" content=\"Alchimie Well-being\" \/>\n<meta property=\"article:modified_time\" content=\"2025-09-19T15:35:32+00:00\" \/>\n<meta property=\"og:image\" content=\"https:\/\/www.alchimiewellbeing.com\/wp-content\/uploads\/2025\/06\/Primordial-Sound-Meditation-Training.jpg\" \/>\n\t<meta property=\"og:image:width\" content=\"1200\" \/>\n\t<meta property=\"og:image:height\" content=\"1200\" \/>\n\t<meta property=\"og:image:type\" content=\"image\/jpeg\" \/>\n<meta name=\"twitter:card\" content=\"summary_large_image\" \/>\n<meta name=\"twitter:label1\" content=\"Tiempo de lectura\" \/>\n\t<meta name=\"twitter:data1\" content=\"2 minutos\" \/>\n<script type=\"application\/ld+json\" class=\"yoast-schema-graph\">{\"@context\":\"https:\/\/schema.org\",\"@graph\":[{\"@type\":\"WebPage\",\"@id\":\"https:\/\/www.alchimiewellbeing.com\/shop\/primordial-sound-meditation-training-4-classes\/\",\"url\":\"https:\/\/www.alchimiewellbeing.com\/shop\/primordial-sound-meditation-training-4-classes\/\",\"name\":\"Primordial Sound Meditation Training (4 Classes) | Alchimie Well-being\",\"isPartOf\":{\"@id\":\"https:\/\/www.alchimiewellbeing.com\/#website\"},\"primaryImageOfPage\":{\"@id\":\"https:\/\/www.alchimiewellbeing.com\/shop\/primordial-sound-meditation-training-4-classes\/#primaryimage\"},\"image\":{\"@id\":\"https:\/\/www.alchimiewellbeing.com\/shop\/primordial-sound-meditation-training-4-classes\/#primaryimage\"},\"thumbnailUrl\":\"https:\/\/www.alchimiewellbeing.com\/wp-content\/uploads\/2025\/06\/Primordial-Sound-Meditation-Training.jpg\",\"datePublished\":\"2025-06-11T23:50:44+00:00\",\"dateModified\":\"2025-09-19T15:35:32+00:00\",\"breadcrumb\":{\"@id\":\"https:\/\/www.alchimiewellbeing.com\/shop\/primordial-sound-meditation-training-4-classes\/#breadcrumb\"},\"inLanguage\":\"es\",\"potentialAction\":[{\"@type\":\"ReadAction\",\"target\":[\"https:\/\/www.alchimiewellbeing.com\/shop\/primordial-sound-meditation-training-4-classes\/\"]}]},{\"@type\":\"ImageObject\",\"inLanguage\":\"es\",\"@id\":\"https:\/\/www.alchimiewellbeing.com\/shop\/primordial-sound-meditation-training-4-classes\/#primaryimage\",\"url\":\"https:\/\/www.alchimiewellbeing.com\/wp-content\/uploads\/2025\/06\/Primordial-Sound-Meditation-Training.jpg\",\"contentUrl\":\"https:\/\/www.alchimiewellbeing.com\/wp-content\/uploads\/2025\/06\/Primordial-Sound-Meditation-Training.jpg\",\"width\":1200,\"height\":1200},{\"@type\":\"BreadcrumbList\",\"@id\":\"https:\/\/www.alchimiewellbeing.com\/shop\/primordial-sound-meditation-training-4-classes\/#breadcrumb\",\"itemListElement\":[{\"@type\":\"ListItem\",\"position\":1,\"name\":\"Home\",\"item\":\"https:\/\/www.alchimiewellbeing.com\/\"},{\"@type\":\"ListItem\",\"position\":2,\"name\":\"All\",\"item\":\"https:\/\/www.alchimiewellbeing.com\/all\/\"},{\"@type\":\"ListItem\",\"position\":3,\"name\":\"Primordial Sound Meditation Training (4 Classes)\"}]},{\"@type\":\"WebSite\",\"@id\":\"https:\/\/www.alchimiewellbeing.com\/#website\",\"url\":\"https:\/\/www.alchimiewellbeing.com\/\",\"name\":\"Alchimie Wellbeing\",\"description\":\"Massage, Reflexology, Holistic\",\"publisher\":{\"@id\":\"https:\/\/www.alchimiewellbeing.com\/#organization\"},\"potentialAction\":[{\"@type\":\"SearchAction\",\"target\":{\"@type\":\"EntryPoint\",\"urlTemplate\":\"https:\/\/www.alchimiewellbeing.com\/?s={search_term_string}\"},\"query-input\":{\"@type\":\"PropertyValueSpecification\",\"valueRequired\":true,\"valueName\":\"search_term_string\"}}],\"inLanguage\":\"es\"},{\"@type\":\"Organization\",\"@id\":\"https:\/\/www.alchimiewellbeing.com\/#organization\",\"name\":\"Alchimie Wellbeing\",\"url\":\"https:\/\/www.alchimiewellbeing.com\/\",\"logo\":{\"@type\":\"ImageObject\",\"inLanguage\":\"es\",\"@id\":\"https:\/\/www.alchimiewellbeing.com\/#\/schema\/logo\/image\/\",\"url\":\"https:\/\/www.alchimiewellbeing.com\/wp-content\/uploads\/2025\/06\/AlchimieWellbeing.jpg\",\"contentUrl\":\"https:\/\/www.alchimiewellbeing.com\/wp-content\/uploads\/2025\/06\/AlchimieWellbeing.jpg\",\"width\":1200,\"height\":1200,\"caption\":\"Alchimie Wellbeing\"},\"image\":{\"@id\":\"https:\/\/www.alchimiewellbeing.com\/#\/schema\/logo\/image\/\"},\"sameAs\":[\"https:\/\/www.instagram.com\/byalchimie\/\",\"https:\/\/www.instagram.com\/integrativemedicine_\/\"]}]}<\/script>\n<!-- \/ Yoast SEO plugin. -->","yoast_head_json":{"title":"Primordial Sound Meditation Training (4 Classes) | Alchimie Well-being","robots":{"index":"index","follow":"follow","max-snippet":"max-snippet:-1","max-image-preview":"max-image-preview:large","max-video-preview":"max-video-preview:-1"},"canonical":"https:\/\/www.alchimiewellbeing.com\/es\/shop\/primordial-sound-meditation-training-4-classes\/","og_locale":"es_ES","og_type":"article","og_title":"Primordial Sound Meditation Training (4 Classes) | Alchimie Well-being","og_description":"Primordial Sound Meditation is recommended for anyone who wishes to enjoy deeper peace, greater freedom, and mastery of life. Primordial Sound Meditation is easily learned in four short sessions over a period of a few days. In Session One, your Chopra Center-certified meditation instructor will introduce you to the basic principles of meditation, its history,...","og_url":"https:\/\/www.alchimiewellbeing.com\/es\/shop\/primordial-sound-meditation-training-4-classes\/","og_site_name":"Alchimie Well-being","article_modified_time":"2025-09-19T15:35:32+00:00","og_image":[{"width":1200,"height":1200,"url":"https:\/\/www.alchimiewellbeing.com\/wp-content\/uploads\/2025\/06\/Primordial-Sound-Meditation-Training.jpg","type":"image\/jpeg"}],"twitter_card":"summary_large_image","twitter_misc":{"Tiempo de lectura":"2 minutos"},"schema":{"@context":"https:\/\/schema.org","@graph":[{"@type":"WebPage","@id":"https:\/\/www.alchimiewellbeing.com\/shop\/primordial-sound-meditation-training-4-classes\/","url":"https:\/\/www.alchimiewellbeing.com\/shop\/primordial-sound-meditation-training-4-classes\/","name":"Primordial Sound Meditation Training (4 Classes) | Alchimie Well-being","isPartOf":{"@id":"https:\/\/www.alchimiewellbeing.com\/#website"},"primaryImageOfPage":{"@id":"https:\/\/www.alchimiewellbeing.com\/shop\/primordial-sound-meditation-training-4-classes\/#primaryimage"},"image":{"@id":"https:\/\/www.alchimiewellbeing.com\/shop\/primordial-sound-meditation-training-4-classes\/#primaryimage"},"thumbnailUrl":"https:\/\/www.alchimiewellbeing.com\/wp-content\/uploads\/2025\/06\/Primordial-Sound-Meditation-Training.jpg","datePublished":"2025-06-11T23:50:44+00:00","dateModified":"2025-09-19T15:35:32+00:00","breadcrumb":{"@id":"https:\/\/www.alchimiewellbeing.com\/shop\/primordial-sound-meditation-training-4-classes\/#breadcrumb"},"inLanguage":"es","potentialAction":[{"@type":"ReadAction","target":["https:\/\/www.alchimiewellbeing.com\/shop\/primordial-sound-meditation-training-4-classes\/"]}]},{"@type":"ImageObject","inLanguage":"es","@id":"https:\/\/www.alchimiewellbeing.com\/shop\/primordial-sound-meditation-training-4-classes\/#primaryimage","url":"https:\/\/www.alchimiewellbeing.com\/wp-content\/uploads\/2025\/06\/Primordial-Sound-Meditation-Training.jpg","contentUrl":"https:\/\/www.alchimiewellbeing.com\/wp-content\/uploads\/2025\/06\/Primordial-Sound-Meditation-Training.jpg","width":1200,"height":1200},{"@type":"BreadcrumbList","@id":"https:\/\/www.alchimiewellbeing.com\/shop\/primordial-sound-meditation-training-4-classes\/#breadcrumb","itemListElement":[{"@type":"ListItem","position":1,"name":"Home","item":"https:\/\/www.alchimiewellbeing.com\/"},{"@type":"ListItem","position":2,"name":"All","item":"https:\/\/www.alchimiewellbeing.com\/all\/"},{"@type":"ListItem","position":3,"name":"Primordial Sound Meditation Training (4 Classes)"}]},{"@type":"WebSite","@id":"https:\/\/www.alchimiewellbeing.com\/#website","url":"https:\/\/www.alchimiewellbeing.com\/","name":"Alchimie Wellbeing","description":"Massage, Reflexology, Holistic","publisher":{"@id":"https:\/\/www.alchimiewellbeing.com\/#organization"},"potentialAction":[{"@type":"SearchAction","target":{"@type":"EntryPoint","urlTemplate":"https:\/\/www.alchimiewellbeing.com\/?s={search_term_string}"},"query-input":{"@type":"PropertyValueSpecification","valueRequired":true,"valueName":"search_term_string"}}],"inLanguage":"es"},{"@type":"Organization","@id":"https:\/\/www.alchimiewellbeing.com\/#organization","name":"Alchimie Wellbeing","url":"https:\/\/www.alchimiewellbeing.com\/","logo":{"@type":"ImageObject","inLanguage":"es","@id":"https:\/\/www.alchimiewellbeing.com\/#\/schema\/logo\/image\/","url":"https:\/\/www.alchimiewellbeing.com\/wp-content\/uploads\/2025\/06\/AlchimieWellbeing.jpg","contentUrl":"https:\/\/www.alchimiewellbeing.com\/wp-content\/uploads\/2025\/06\/AlchimieWellbeing.jpg","width":1200,"height":1200,"caption":"Alchimie Wellbeing"},"image":{"@id":"https:\/\/www.alchimiewellbeing.com\/#\/schema\/logo\/image\/"},"sameAs":["https:\/\/www.instagram.com\/byalchimie\/","https:\/\/www.instagram.com\/integrativemedicine_\/"]}]}},"_links":{"self":[{"href":"https:\/\/www.alchimiewellbeing.com\/es\/wp-json\/wp\/v2\/product\/311","targetHints":{"allow":["GET"]}}],"collection":[{"href":"https:\/\/www.alchimiewellbeing.com\/es\/wp-json\/wp\/v2\/product"}],"about":[{"href":"https:\/\/www.alchimiewellbeing.com\/es\/wp-json\/wp\/v2\/types\/product"}],"wp:featuredmedia":[{"embeddable":true,"href":"https:\/\/www.alchimiewellbeing.com\/es\/wp-json\/wp\/v2\/media\/326"}],"wp:attachment":[{"href":"https:\/\/www.alchimiewellbeing.com\/es\/wp-json\/wp\/v2\/media?parent=311"}],"wp:term":[{"taxonomy":"product_brand","embeddable":true,"href":"https:\/\/www.alchimiewellbeing.com\/es\/wp-json\/wp\/v2\/product_brand?post=311"},{"taxonomy":"product_cat","embeddable":true,"href":"https:\/\/www.alchimiewellbeing.com\/es\/wp-json\/wp\/v2\/product_cat?post=311"},{"taxonomy":"product_tag","embeddable":true,"href":"https:\/\/www.alchimiewellbeing.com\/es\/wp-json\/wp\/v2\/product_tag?post=311"}],"curies":[{"name":"wp","href":"https:\/\/api.w.org\/{rel}","templated":true}]}}