{"id":474,"date":"2025-06-10T16:52:48","date_gmt":"2025-06-10T22:52:48","guid":{"rendered":"https:\/\/www.alchimiewellbeing.com\/?post_type=product&#038;p=474"},"modified":"2026-04-28T21:50:20","modified_gmt":"2026-04-29T03:50:20","slug":"roll-on","status":"publish","type":"product","link":"https:\/\/www.alchimiewellbeing.com\/es\/shop\/roll-on\/","title":{"rendered":"Aceites bot\u00e1nicos en roll-on"},"content":{"rendered":"<p>Roll-ons funcionales a base de plantas<\/p>\n<p><strong>Sobre el roll-on<\/strong><\/p>\n<p>Nuestros aceites bot\u00e1nicos en roll-on son mezclas concentradas a base de plantas, dise\u00f1adas para brindar apoyo pr\u00e1ctico al bienestar en cualquier momento y lugar.<\/p>\n<p>Pre-diluidos en aceite de girasol org\u00e1nico prensado en fr\u00edo, estas mezclas est\u00e1n listas para aplicarse directamente sobre la piel en puntos de pulso. El formato roll-on permite una aplicaci\u00f3n precisa y controlada, sin desperdicio.<\/p>\n<p>Apoyo funcional. F\u00f3rmula m\u00ednima.<\/p>\n<p>Una peque\u00f1a cantidad es suficiente.<\/p>\n<p><strong>Beneficios clave<\/strong><\/p>\n<p>\u2022 Pre-diluido y seguro para la piel<br \/>\n\u2022 Aplicaci\u00f3n dirigida en puntos de pulso<br \/>\n\u2022 Port\u00e1til y pr\u00e1ctico<br \/>\n\u2022 A base de plantas y libre de crueldad animal.<br \/>\n\u2022 Sin fragancia sint\u00e9tica<br \/>\n\u2022 Elaborado en peque\u00f1as cantidades<\/p>\n<p><strong>Ingredientes:<\/strong><\/p>\n<p>Base (todos los roll-ons):<br \/>\nHelianthus Annuus (aceite de semilla de girasol org\u00e1nico prensado en fr\u00edo)<\/p>\n<p>Los aceites esenciales var\u00edan seg\u00fan la mezcla seleccionada (ver abajo).<\/p>\n<p><strong>Mezclas disponibles<\/strong><\/p>\n<p><strong>H\u00d6FU\u00d0 L\u00c9TTI ROLL-ON \u2013 Head Light<\/strong><\/p>\n<p>Mezcla bot\u00e1nica refrescante dise\u00f1ada para apoyar momentos de tensi\u00f3n en la cabeza y favorecer la claridad mental.<br \/>\nApl\u00edcalo en sienes, mu\u00f1ecas o parte posterior del cuello seg\u00fan sea necesario.<\/p>\n<p>Aceites esenciales:<br \/>\nAceite de Mentha Piperita (menta piperita)<\/p>\n<p><b>S\u00d3L ILMUR ROLL-ON \u2013 Citrus Scent<\/b><\/p>\n<p><span style=\"font-weight: 400\">Bright botanical citrus blend designed to offer a natural aromatic alternative to synthetic perfume. Apply to pulse points for a subtle, plant-based scent.<\/span><\/p>\n<p><span style=\"font-weight: 400\">Aceites esenciales: <\/span><span style=\"font-weight: 400\">Citrus Aurantium Bergamia (Bergamot FCF) Fruit Oil<\/span><\/p>\n<p><strong>Empaque:<\/strong> Frasco roll-on de vidrio. Envase reutilizable y reciclable, dise\u00f1ado para apoyar un estilo de vida de bajo desperdicio.<\/p>\n<p><strong>Instrucciones de uso<\/strong><\/p>\n<p>Aplica directamente en puntos de pulso: sienes, mu\u00f1ecas, cuello o detr\u00e1s de las orejas.<br \/>\nUsa una peque\u00f1a cantidad y reaplica seg\u00fan sea necesario.<\/p>\n<p>Solo para uso externo. Evita el contacto con los ojos.<\/p>\n<p>Una peque\u00f1a cantidad rinde mucho.<\/p>","protected":false},"excerpt":{"rendered":"<p>Plant-Based Functional Roll-Ons About the Roll-On Our Roll-On Botanical Oils are concentrated plant-based blends designed for practical, on-the-go wellbeing support. Pre-diluted in organic cold-pressed sunflower oil, these blends are ready for direct skin application on pulse points. The roll-on format allows precise, controlled use without waste. Functional support. Minimal formula. A small amount is sufficient&#8230;.<\/p>","protected":false},"featured_media":587,"template":"","meta":{"_acf_changed":false},"product_brand":[],"product_cat":[17,132],"product_tag":[],"class_list":{"0":"post-474","1":"product","2":"type-product","3":"status-publish","4":"has-post-thumbnail","6":"product_cat-shop","7":"product_cat-oils","9":"first","10":"instock","11":"taxable","12":"shipping-taxable","13":"purchasable","14":"product-type-variable"},"acf":[],"yoast_head":"<!-- This site is optimized with the Yoast SEO plugin v25.4 - https:\/\/yoast.com\/wordpress\/plugins\/seo\/ -->\n<title>Roll-on Botanical Oils | Alchimie Well-being<\/title>\n<meta name=\"robots\" content=\"index, follow, max-snippet:-1, max-image-preview:large, max-video-preview:-1\" \/>\n<link rel=\"canonical\" href=\"https:\/\/www.alchimiewellbeing.com\/es\/shop\/roll-on\/\" \/>\n<meta property=\"og:locale\" content=\"es_ES\" \/>\n<meta property=\"og:type\" content=\"article\" \/>\n<meta property=\"og:title\" content=\"Roll-on Botanical Oils | Alchimie Well-being\" \/>\n<meta property=\"og:description\" content=\"Plant-Based Functional Roll-Ons About the Roll-On Our Roll-On Botanical Oils are concentrated plant-based blends designed for practical, on-the-go wellbeing support. Pre-diluted in organic cold-pressed sunflower oil, these blends are ready for direct skin application on pulse points. The roll-on format allows precise, controlled use without waste. Functional support. Minimal formula. A small amount is sufficient....\" \/>\n<meta property=\"og:url\" content=\"https:\/\/www.alchimiewellbeing.com\/es\/shop\/roll-on\/\" \/>\n<meta property=\"og:site_name\" content=\"Alchimie Well-being\" \/>\n<meta property=\"article:modified_time\" content=\"2026-04-29T03:50:20+00:00\" \/>\n<meta property=\"og:image\" content=\"https:\/\/www.alchimiewellbeing.com\/wp-content\/uploads\/2025\/06\/Roll-on.jpg\" \/>\n\t<meta property=\"og:image:width\" content=\"1200\" \/>\n\t<meta property=\"og:image:height\" content=\"1200\" \/>\n\t<meta property=\"og:image:type\" content=\"image\/jpeg\" \/>\n<meta name=\"twitter:card\" content=\"summary_large_image\" \/>\n<meta name=\"twitter:label1\" content=\"Tiempo de lectura\" \/>\n\t<meta name=\"twitter:data1\" content=\"2 minutos\" \/>\n<script type=\"application\/ld+json\" class=\"yoast-schema-graph\">{\"@context\":\"https:\/\/schema.org\",\"@graph\":[{\"@type\":\"WebPage\",\"@id\":\"https:\/\/www.alchimiewellbeing.com\/shop\/roll-on\/\",\"url\":\"https:\/\/www.alchimiewellbeing.com\/shop\/roll-on\/\",\"name\":\"Roll-on Botanical Oils | Alchimie Well-being\",\"isPartOf\":{\"@id\":\"https:\/\/www.alchimiewellbeing.com\/#website\"},\"primaryImageOfPage\":{\"@id\":\"https:\/\/www.alchimiewellbeing.com\/shop\/roll-on\/#primaryimage\"},\"image\":{\"@id\":\"https:\/\/www.alchimiewellbeing.com\/shop\/roll-on\/#primaryimage\"},\"thumbnailUrl\":\"https:\/\/www.alchimiewellbeing.com\/wp-content\/uploads\/2025\/06\/Roll-on.jpg\",\"datePublished\":\"2025-06-10T22:52:48+00:00\",\"dateModified\":\"2026-04-29T03:50:20+00:00\",\"breadcrumb\":{\"@id\":\"https:\/\/www.alchimiewellbeing.com\/shop\/roll-on\/#breadcrumb\"},\"inLanguage\":\"es\",\"potentialAction\":[{\"@type\":\"ReadAction\",\"target\":[\"https:\/\/www.alchimiewellbeing.com\/shop\/roll-on\/\"]}]},{\"@type\":\"ImageObject\",\"inLanguage\":\"es\",\"@id\":\"https:\/\/www.alchimiewellbeing.com\/shop\/roll-on\/#primaryimage\",\"url\":\"https:\/\/www.alchimiewellbeing.com\/wp-content\/uploads\/2025\/06\/Roll-on.jpg\",\"contentUrl\":\"https:\/\/www.alchimiewellbeing.com\/wp-content\/uploads\/2025\/06\/Roll-on.jpg\",\"width\":1200,\"height\":1200},{\"@type\":\"BreadcrumbList\",\"@id\":\"https:\/\/www.alchimiewellbeing.com\/shop\/roll-on\/#breadcrumb\",\"itemListElement\":[{\"@type\":\"ListItem\",\"position\":1,\"name\":\"Home\",\"item\":\"https:\/\/www.alchimiewellbeing.com\/\"},{\"@type\":\"ListItem\",\"position\":2,\"name\":\"All\",\"item\":\"https:\/\/www.alchimiewellbeing.com\/all\/\"},{\"@type\":\"ListItem\",\"position\":3,\"name\":\"Roll-on Botanical Oils\"}]},{\"@type\":\"WebSite\",\"@id\":\"https:\/\/www.alchimiewellbeing.com\/#website\",\"url\":\"https:\/\/www.alchimiewellbeing.com\/\",\"name\":\"Alchimie Wellbeing\",\"description\":\"Massage, Reflexology, Holistic\",\"publisher\":{\"@id\":\"https:\/\/www.alchimiewellbeing.com\/#organization\"},\"potentialAction\":[{\"@type\":\"SearchAction\",\"target\":{\"@type\":\"EntryPoint\",\"urlTemplate\":\"https:\/\/www.alchimiewellbeing.com\/?s={search_term_string}\"},\"query-input\":{\"@type\":\"PropertyValueSpecification\",\"valueRequired\":true,\"valueName\":\"search_term_string\"}}],\"inLanguage\":\"es\"},{\"@type\":\"Organization\",\"@id\":\"https:\/\/www.alchimiewellbeing.com\/#organization\",\"name\":\"Alchimie Wellbeing\",\"url\":\"https:\/\/www.alchimiewellbeing.com\/\",\"logo\":{\"@type\":\"ImageObject\",\"inLanguage\":\"es\",\"@id\":\"https:\/\/www.alchimiewellbeing.com\/#\/schema\/logo\/image\/\",\"url\":\"https:\/\/www.alchimiewellbeing.com\/wp-content\/uploads\/2025\/06\/AlchimieWellbeing.jpg\",\"contentUrl\":\"https:\/\/www.alchimiewellbeing.com\/wp-content\/uploads\/2025\/06\/AlchimieWellbeing.jpg\",\"width\":1200,\"height\":1200,\"caption\":\"Alchimie Wellbeing\"},\"image\":{\"@id\":\"https:\/\/www.alchimiewellbeing.com\/#\/schema\/logo\/image\/\"},\"sameAs\":[\"https:\/\/www.instagram.com\/byalchimie\/\",\"https:\/\/www.instagram.com\/integrativemedicine_\/\"]}]}<\/script>\n<!-- \/ Yoast SEO plugin. -->","yoast_head_json":{"title":"Roll-on Botanical Oils | Alchimie Well-being","robots":{"index":"index","follow":"follow","max-snippet":"max-snippet:-1","max-image-preview":"max-image-preview:large","max-video-preview":"max-video-preview:-1"},"canonical":"https:\/\/www.alchimiewellbeing.com\/es\/shop\/roll-on\/","og_locale":"es_ES","og_type":"article","og_title":"Roll-on Botanical Oils | Alchimie Well-being","og_description":"Plant-Based Functional Roll-Ons About the Roll-On Our Roll-On Botanical Oils are concentrated plant-based blends designed for practical, on-the-go wellbeing support. Pre-diluted in organic cold-pressed sunflower oil, these blends are ready for direct skin application on pulse points. The roll-on format allows precise, controlled use without waste. Functional support. Minimal formula. A small amount is sufficient....","og_url":"https:\/\/www.alchimiewellbeing.com\/es\/shop\/roll-on\/","og_site_name":"Alchimie Well-being","article_modified_time":"2026-04-29T03:50:20+00:00","og_image":[{"width":1200,"height":1200,"url":"https:\/\/www.alchimiewellbeing.com\/wp-content\/uploads\/2025\/06\/Roll-on.jpg","type":"image\/jpeg"}],"twitter_card":"summary_large_image","twitter_misc":{"Tiempo de lectura":"2 minutos"},"schema":{"@context":"https:\/\/schema.org","@graph":[{"@type":"WebPage","@id":"https:\/\/www.alchimiewellbeing.com\/shop\/roll-on\/","url":"https:\/\/www.alchimiewellbeing.com\/shop\/roll-on\/","name":"Roll-on Botanical Oils | Alchimie Well-being","isPartOf":{"@id":"https:\/\/www.alchimiewellbeing.com\/#website"},"primaryImageOfPage":{"@id":"https:\/\/www.alchimiewellbeing.com\/shop\/roll-on\/#primaryimage"},"image":{"@id":"https:\/\/www.alchimiewellbeing.com\/shop\/roll-on\/#primaryimage"},"thumbnailUrl":"https:\/\/www.alchimiewellbeing.com\/wp-content\/uploads\/2025\/06\/Roll-on.jpg","datePublished":"2025-06-10T22:52:48+00:00","dateModified":"2026-04-29T03:50:20+00:00","breadcrumb":{"@id":"https:\/\/www.alchimiewellbeing.com\/shop\/roll-on\/#breadcrumb"},"inLanguage":"es","potentialAction":[{"@type":"ReadAction","target":["https:\/\/www.alchimiewellbeing.com\/shop\/roll-on\/"]}]},{"@type":"ImageObject","inLanguage":"es","@id":"https:\/\/www.alchimiewellbeing.com\/shop\/roll-on\/#primaryimage","url":"https:\/\/www.alchimiewellbeing.com\/wp-content\/uploads\/2025\/06\/Roll-on.jpg","contentUrl":"https:\/\/www.alchimiewellbeing.com\/wp-content\/uploads\/2025\/06\/Roll-on.jpg","width":1200,"height":1200},{"@type":"BreadcrumbList","@id":"https:\/\/www.alchimiewellbeing.com\/shop\/roll-on\/#breadcrumb","itemListElement":[{"@type":"ListItem","position":1,"name":"Home","item":"https:\/\/www.alchimiewellbeing.com\/"},{"@type":"ListItem","position":2,"name":"All","item":"https:\/\/www.alchimiewellbeing.com\/all\/"},{"@type":"ListItem","position":3,"name":"Roll-on Botanical Oils"}]},{"@type":"WebSite","@id":"https:\/\/www.alchimiewellbeing.com\/#website","url":"https:\/\/www.alchimiewellbeing.com\/","name":"Alchimie Wellbeing","description":"Massage, Reflexology, Holistic","publisher":{"@id":"https:\/\/www.alchimiewellbeing.com\/#organization"},"potentialAction":[{"@type":"SearchAction","target":{"@type":"EntryPoint","urlTemplate":"https:\/\/www.alchimiewellbeing.com\/?s={search_term_string}"},"query-input":{"@type":"PropertyValueSpecification","valueRequired":true,"valueName":"search_term_string"}}],"inLanguage":"es"},{"@type":"Organization","@id":"https:\/\/www.alchimiewellbeing.com\/#organization","name":"Alchimie Wellbeing","url":"https:\/\/www.alchimiewellbeing.com\/","logo":{"@type":"ImageObject","inLanguage":"es","@id":"https:\/\/www.alchimiewellbeing.com\/#\/schema\/logo\/image\/","url":"https:\/\/www.alchimiewellbeing.com\/wp-content\/uploads\/2025\/06\/AlchimieWellbeing.jpg","contentUrl":"https:\/\/www.alchimiewellbeing.com\/wp-content\/uploads\/2025\/06\/AlchimieWellbeing.jpg","width":1200,"height":1200,"caption":"Alchimie Wellbeing"},"image":{"@id":"https:\/\/www.alchimiewellbeing.com\/#\/schema\/logo\/image\/"},"sameAs":["https:\/\/www.instagram.com\/byalchimie\/","https:\/\/www.instagram.com\/integrativemedicine_\/"]}]}},"_links":{"self":[{"href":"https:\/\/www.alchimiewellbeing.com\/es\/wp-json\/wp\/v2\/product\/474","targetHints":{"allow":["GET"]}}],"collection":[{"href":"https:\/\/www.alchimiewellbeing.com\/es\/wp-json\/wp\/v2\/product"}],"about":[{"href":"https:\/\/www.alchimiewellbeing.com\/es\/wp-json\/wp\/v2\/types\/product"}],"wp:featuredmedia":[{"embeddable":true,"href":"https:\/\/www.alchimiewellbeing.com\/es\/wp-json\/wp\/v2\/media\/587"}],"wp:attachment":[{"href":"https:\/\/www.alchimiewellbeing.com\/es\/wp-json\/wp\/v2\/media?parent=474"}],"wp:term":[{"taxonomy":"product_brand","embeddable":true,"href":"https:\/\/www.alchimiewellbeing.com\/es\/wp-json\/wp\/v2\/product_brand?post=474"},{"taxonomy":"product_cat","embeddable":true,"href":"https:\/\/www.alchimiewellbeing.com\/es\/wp-json\/wp\/v2\/product_cat?post=474"},{"taxonomy":"product_tag","embeddable":true,"href":"https:\/\/www.alchimiewellbeing.com\/es\/wp-json\/wp\/v2\/product_tag?post=474"}],"curies":[{"name":"wp","href":"https:\/\/api.w.org\/{rel}","templated":true}]}}