{"id":545,"date":"2025-07-24T11:40:46","date_gmt":"2025-07-24T17:40:46","guid":{"rendered":"https:\/\/www.alchimiewellbeing.com\/?post_type=product&#038;p=545"},"modified":"2025-10-09T13:17:51","modified_gmt":"2025-10-09T19:17:51","slug":"sound-therapy-gong-bath","status":"publish","type":"product","link":"https:\/\/www.alchimiewellbeing.com\/es\/shop\/sound-therapy-gong-bath\/","title":{"rendered":"Sesi\u00f3n de Terapia de Sonido y Ba\u00f1o de Gong"},"content":{"rendered":"<p>La Sesi\u00f3n de Terapia de Sonido &amp; Ba\u00f1o de Gong es un encuentro vibracional intencional, dise\u00f1ado y adaptado a las necesidades de cada persona que lo recibe.<\/p>\n<p>El enfoque est\u00e1 en las necesidades espec\u00edficas del cliente a nivel f\u00edsico, mental y espiritual.<br \/>\nCada sesi\u00f3n incluye sanaci\u00f3n con sonido, gu\u00eda intuitiva e integraci\u00f3n en silencio. Mientras descansas, te relajas, rejuveneces y revitalizas tu cuerpo, experimentar\u00e1s una transformaci\u00f3n personal con el apoyo recibido.<\/p>\n<p><strong>\u00bfC\u00f3mo ser\u00e1 la experiencia?<\/strong><\/p>\n<p>Durante la sesi\u00f3n te recostar\u00e1s en una esterilla de yoga, cubierto con una manta para mantener el calor. Se tocar\u00e1n diferentes instrumentos, siendo el sonido principal el GONG SANADOR. La experiencia var\u00eda en cada persona, pero en general sentir\u00e1s un estado de meditaci\u00f3n profunda. Es ideal para quienes se sienten agotados, estresados o necesitan una relajaci\u00f3n profunda.<\/p>\n<p>El cliente establece una intenci\u00f3n al inicio y luego simplemente la suelta. El sonido hace el resto del trabajo, ayudando a rejuvenecer y restaurar el cuerpo.<\/p>\n<p>Con el coraz\u00f3n y la mente abiertos, saldr\u00e1s sinti\u00e9ndote mejor de lo que llegaste. La Terapia de Sonido es una forma de transformar energ\u00eda bloqueada, emociones y traumas. Despu\u00e9s de la sesi\u00f3n, se recomienda beber agua armonizada.<\/p>\n<p>\u00bfQu\u00e9 necesitas?<\/p>\n<ul>\n<li>Una esterilla de yoga<\/li>\n<li>Ropa c\u00f3moda y abrigada<\/li>\n<li>Agua para beber despu\u00e9s de la sesi\u00f3n.<\/li>\n<li>Un cuaderno personal para escribir tu experiencia, si lo deseas.<\/li>\n<\/ul>\n<p>Reserva tu sesi\u00f3n individual o en grupo (m\u00e1ximo 7 personas).<\/p>","protected":false},"excerpt":{"rendered":"<p>The Sound Therapy Session &amp; Gong Bath is an intentional vibrational session and it\u2019s tailored to the individual receiving the session. The focus is on the client\u2019s specific needs in the body, mind and spirit. Each session comprises of sound healing, intuitive guidance, silent integration. As you rest, relax, rejuvenate and revitalize your body, you&#8230;<\/p>","protected":false},"featured_media":316,"template":"","meta":{"_acf_changed":false},"product_brand":[],"product_cat":[57],"product_tag":[],"class_list":{"0":"post-545","1":"product","2":"type-product","3":"status-publish","4":"has-post-thumbnail","6":"product_cat-wellness","8":"first","9":"instock","10":"virtual","11":"sold-individually","12":"taxable","13":"purchasable","14":"product-type-booking"},"acf":[],"yoast_head":"<!-- This site is optimized with the Yoast SEO plugin v25.4 - https:\/\/yoast.com\/wordpress\/plugins\/seo\/ -->\n<title>Sound Therapy Session &amp; Gong Bath | Alchimie Well-being<\/title>\n<meta name=\"robots\" content=\"index, follow, max-snippet:-1, max-image-preview:large, max-video-preview:-1\" \/>\n<link rel=\"canonical\" href=\"https:\/\/www.alchimiewellbeing.com\/es\/shop\/sound-therapy-gong-bath\/\" \/>\n<meta property=\"og:locale\" content=\"es_ES\" \/>\n<meta property=\"og:type\" content=\"article\" \/>\n<meta property=\"og:title\" content=\"Sound Therapy Session &amp; Gong Bath | Alchimie Well-being\" \/>\n<meta property=\"og:description\" content=\"The Sound Therapy Session &amp; Gong Bath is an intentional vibrational session and it\u2019s tailored to the individual receiving the session. The focus is on the client\u2019s specific needs in the body, mind and spirit. Each session comprises of sound healing, intuitive guidance, silent integration. As you rest, relax, rejuvenate and revitalize your body, you...\" \/>\n<meta property=\"og:url\" content=\"https:\/\/www.alchimiewellbeing.com\/es\/shop\/sound-therapy-gong-bath\/\" \/>\n<meta property=\"og:site_name\" content=\"Alchimie Well-being\" \/>\n<meta property=\"article:modified_time\" content=\"2025-10-09T19:17:51+00:00\" \/>\n<meta property=\"og:image\" content=\"https:\/\/www.alchimiewellbeing.com\/wp-content\/uploads\/2025\/06\/Sound-therapy-with-Gong.jpg\" \/>\n\t<meta property=\"og:image:width\" content=\"1200\" \/>\n\t<meta property=\"og:image:height\" content=\"1200\" \/>\n\t<meta property=\"og:image:type\" content=\"image\/jpeg\" \/>\n<meta name=\"twitter:card\" content=\"summary_large_image\" \/>\n<meta name=\"twitter:label1\" content=\"Tiempo de lectura\" \/>\n\t<meta name=\"twitter:data1\" content=\"2 minutos\" \/>\n<script type=\"application\/ld+json\" class=\"yoast-schema-graph\">{\"@context\":\"https:\/\/schema.org\",\"@graph\":[{\"@type\":\"WebPage\",\"@id\":\"https:\/\/www.alchimiewellbeing.com\/shop\/sound-therapy-gong-bath\/\",\"url\":\"https:\/\/www.alchimiewellbeing.com\/shop\/sound-therapy-gong-bath\/\",\"name\":\"Sound Therapy Session &amp; Gong Bath | Alchimie Well-being\",\"isPartOf\":{\"@id\":\"https:\/\/www.alchimiewellbeing.com\/#website\"},\"primaryImageOfPage\":{\"@id\":\"https:\/\/www.alchimiewellbeing.com\/shop\/sound-therapy-gong-bath\/#primaryimage\"},\"image\":{\"@id\":\"https:\/\/www.alchimiewellbeing.com\/shop\/sound-therapy-gong-bath\/#primaryimage\"},\"thumbnailUrl\":\"https:\/\/www.alchimiewellbeing.com\/wp-content\/uploads\/2025\/06\/Sound-therapy-with-Gong.jpg\",\"datePublished\":\"2025-07-24T17:40:46+00:00\",\"dateModified\":\"2025-10-09T19:17:51+00:00\",\"breadcrumb\":{\"@id\":\"https:\/\/www.alchimiewellbeing.com\/shop\/sound-therapy-gong-bath\/#breadcrumb\"},\"inLanguage\":\"es\",\"potentialAction\":[{\"@type\":\"ReadAction\",\"target\":[\"https:\/\/www.alchimiewellbeing.com\/shop\/sound-therapy-gong-bath\/\"]}]},{\"@type\":\"ImageObject\",\"inLanguage\":\"es\",\"@id\":\"https:\/\/www.alchimiewellbeing.com\/shop\/sound-therapy-gong-bath\/#primaryimage\",\"url\":\"https:\/\/www.alchimiewellbeing.com\/wp-content\/uploads\/2025\/06\/Sound-therapy-with-Gong.jpg\",\"contentUrl\":\"https:\/\/www.alchimiewellbeing.com\/wp-content\/uploads\/2025\/06\/Sound-therapy-with-Gong.jpg\",\"width\":1200,\"height\":1200},{\"@type\":\"BreadcrumbList\",\"@id\":\"https:\/\/www.alchimiewellbeing.com\/shop\/sound-therapy-gong-bath\/#breadcrumb\",\"itemListElement\":[{\"@type\":\"ListItem\",\"position\":1,\"name\":\"Home\",\"item\":\"https:\/\/www.alchimiewellbeing.com\/\"},{\"@type\":\"ListItem\",\"position\":2,\"name\":\"All\",\"item\":\"https:\/\/www.alchimiewellbeing.com\/all\/\"},{\"@type\":\"ListItem\",\"position\":3,\"name\":\"Sound Therapy Session &amp; Gong Bath\"}]},{\"@type\":\"WebSite\",\"@id\":\"https:\/\/www.alchimiewellbeing.com\/#website\",\"url\":\"https:\/\/www.alchimiewellbeing.com\/\",\"name\":\"Alchimie Wellbeing\",\"description\":\"Massage, Reflexology, Holistic\",\"publisher\":{\"@id\":\"https:\/\/www.alchimiewellbeing.com\/#organization\"},\"potentialAction\":[{\"@type\":\"SearchAction\",\"target\":{\"@type\":\"EntryPoint\",\"urlTemplate\":\"https:\/\/www.alchimiewellbeing.com\/?s={search_term_string}\"},\"query-input\":{\"@type\":\"PropertyValueSpecification\",\"valueRequired\":true,\"valueName\":\"search_term_string\"}}],\"inLanguage\":\"es\"},{\"@type\":\"Organization\",\"@id\":\"https:\/\/www.alchimiewellbeing.com\/#organization\",\"name\":\"Alchimie Wellbeing\",\"url\":\"https:\/\/www.alchimiewellbeing.com\/\",\"logo\":{\"@type\":\"ImageObject\",\"inLanguage\":\"es\",\"@id\":\"https:\/\/www.alchimiewellbeing.com\/#\/schema\/logo\/image\/\",\"url\":\"https:\/\/www.alchimiewellbeing.com\/wp-content\/uploads\/2025\/06\/AlchimieWellbeing.jpg\",\"contentUrl\":\"https:\/\/www.alchimiewellbeing.com\/wp-content\/uploads\/2025\/06\/AlchimieWellbeing.jpg\",\"width\":1200,\"height\":1200,\"caption\":\"Alchimie Wellbeing\"},\"image\":{\"@id\":\"https:\/\/www.alchimiewellbeing.com\/#\/schema\/logo\/image\/\"},\"sameAs\":[\"https:\/\/www.instagram.com\/byalchimie\/\",\"https:\/\/www.instagram.com\/integrativemedicine_\/\"]}]}<\/script>\n<!-- \/ Yoast SEO plugin. -->","yoast_head_json":{"title":"Sound Therapy Session &amp; Gong Bath | Alchimie Well-being","robots":{"index":"index","follow":"follow","max-snippet":"max-snippet:-1","max-image-preview":"max-image-preview:large","max-video-preview":"max-video-preview:-1"},"canonical":"https:\/\/www.alchimiewellbeing.com\/es\/shop\/sound-therapy-gong-bath\/","og_locale":"es_ES","og_type":"article","og_title":"Sound Therapy Session &amp; Gong Bath | Alchimie Well-being","og_description":"The Sound Therapy Session &amp; Gong Bath is an intentional vibrational session and it\u2019s tailored to the individual receiving the session. The focus is on the client\u2019s specific needs in the body, mind and spirit. Each session comprises of sound healing, intuitive guidance, silent integration. As you rest, relax, rejuvenate and revitalize your body, you...","og_url":"https:\/\/www.alchimiewellbeing.com\/es\/shop\/sound-therapy-gong-bath\/","og_site_name":"Alchimie Well-being","article_modified_time":"2025-10-09T19:17:51+00:00","og_image":[{"width":1200,"height":1200,"url":"https:\/\/www.alchimiewellbeing.com\/wp-content\/uploads\/2025\/06\/Sound-therapy-with-Gong.jpg","type":"image\/jpeg"}],"twitter_card":"summary_large_image","twitter_misc":{"Tiempo de lectura":"2 minutos"},"schema":{"@context":"https:\/\/schema.org","@graph":[{"@type":"WebPage","@id":"https:\/\/www.alchimiewellbeing.com\/shop\/sound-therapy-gong-bath\/","url":"https:\/\/www.alchimiewellbeing.com\/shop\/sound-therapy-gong-bath\/","name":"Sound Therapy Session &amp; Gong Bath | Alchimie Well-being","isPartOf":{"@id":"https:\/\/www.alchimiewellbeing.com\/#website"},"primaryImageOfPage":{"@id":"https:\/\/www.alchimiewellbeing.com\/shop\/sound-therapy-gong-bath\/#primaryimage"},"image":{"@id":"https:\/\/www.alchimiewellbeing.com\/shop\/sound-therapy-gong-bath\/#primaryimage"},"thumbnailUrl":"https:\/\/www.alchimiewellbeing.com\/wp-content\/uploads\/2025\/06\/Sound-therapy-with-Gong.jpg","datePublished":"2025-07-24T17:40:46+00:00","dateModified":"2025-10-09T19:17:51+00:00","breadcrumb":{"@id":"https:\/\/www.alchimiewellbeing.com\/shop\/sound-therapy-gong-bath\/#breadcrumb"},"inLanguage":"es","potentialAction":[{"@type":"ReadAction","target":["https:\/\/www.alchimiewellbeing.com\/shop\/sound-therapy-gong-bath\/"]}]},{"@type":"ImageObject","inLanguage":"es","@id":"https:\/\/www.alchimiewellbeing.com\/shop\/sound-therapy-gong-bath\/#primaryimage","url":"https:\/\/www.alchimiewellbeing.com\/wp-content\/uploads\/2025\/06\/Sound-therapy-with-Gong.jpg","contentUrl":"https:\/\/www.alchimiewellbeing.com\/wp-content\/uploads\/2025\/06\/Sound-therapy-with-Gong.jpg","width":1200,"height":1200},{"@type":"BreadcrumbList","@id":"https:\/\/www.alchimiewellbeing.com\/shop\/sound-therapy-gong-bath\/#breadcrumb","itemListElement":[{"@type":"ListItem","position":1,"name":"Home","item":"https:\/\/www.alchimiewellbeing.com\/"},{"@type":"ListItem","position":2,"name":"All","item":"https:\/\/www.alchimiewellbeing.com\/all\/"},{"@type":"ListItem","position":3,"name":"Sound Therapy Session &amp; Gong Bath"}]},{"@type":"WebSite","@id":"https:\/\/www.alchimiewellbeing.com\/#website","url":"https:\/\/www.alchimiewellbeing.com\/","name":"Alchimie Wellbeing","description":"Massage, Reflexology, Holistic","publisher":{"@id":"https:\/\/www.alchimiewellbeing.com\/#organization"},"potentialAction":[{"@type":"SearchAction","target":{"@type":"EntryPoint","urlTemplate":"https:\/\/www.alchimiewellbeing.com\/?s={search_term_string}"},"query-input":{"@type":"PropertyValueSpecification","valueRequired":true,"valueName":"search_term_string"}}],"inLanguage":"es"},{"@type":"Organization","@id":"https:\/\/www.alchimiewellbeing.com\/#organization","name":"Alchimie Wellbeing","url":"https:\/\/www.alchimiewellbeing.com\/","logo":{"@type":"ImageObject","inLanguage":"es","@id":"https:\/\/www.alchimiewellbeing.com\/#\/schema\/logo\/image\/","url":"https:\/\/www.alchimiewellbeing.com\/wp-content\/uploads\/2025\/06\/AlchimieWellbeing.jpg","contentUrl":"https:\/\/www.alchimiewellbeing.com\/wp-content\/uploads\/2025\/06\/AlchimieWellbeing.jpg","width":1200,"height":1200,"caption":"Alchimie Wellbeing"},"image":{"@id":"https:\/\/www.alchimiewellbeing.com\/#\/schema\/logo\/image\/"},"sameAs":["https:\/\/www.instagram.com\/byalchimie\/","https:\/\/www.instagram.com\/integrativemedicine_\/"]}]}},"_links":{"self":[{"href":"https:\/\/www.alchimiewellbeing.com\/es\/wp-json\/wp\/v2\/product\/545","targetHints":{"allow":["GET"]}}],"collection":[{"href":"https:\/\/www.alchimiewellbeing.com\/es\/wp-json\/wp\/v2\/product"}],"about":[{"href":"https:\/\/www.alchimiewellbeing.com\/es\/wp-json\/wp\/v2\/types\/product"}],"wp:featuredmedia":[{"embeddable":true,"href":"https:\/\/www.alchimiewellbeing.com\/es\/wp-json\/wp\/v2\/media\/316"}],"wp:attachment":[{"href":"https:\/\/www.alchimiewellbeing.com\/es\/wp-json\/wp\/v2\/media?parent=545"}],"wp:term":[{"taxonomy":"product_brand","embeddable":true,"href":"https:\/\/www.alchimiewellbeing.com\/es\/wp-json\/wp\/v2\/product_brand?post=545"},{"taxonomy":"product_cat","embeddable":true,"href":"https:\/\/www.alchimiewellbeing.com\/es\/wp-json\/wp\/v2\/product_cat?post=545"},{"taxonomy":"product_tag","embeddable":true,"href":"https:\/\/www.alchimiewellbeing.com\/es\/wp-json\/wp\/v2\/product_tag?post=545"}],"curies":[{"name":"wp","href":"https:\/\/api.w.org\/{rel}","templated":true}]}}